{"id":3,"date":"2024-01-28T11:45:32","date_gmt":"2024-01-28T11:45:32","guid":{"rendered":"https:\/\/phenomenal-kinkajou-63d47d.instawp.xyz\/?page_id=3"},"modified":"2024-08-03T12:15:08","modified_gmt":"2024-08-03T12:15:08","slug":"privacy-policy","status":"publish","type":"page","link":"https:\/\/flavia.supserv.cozmoslabs.com\/es\/privacy-policy\/","title":{"rendered":"Pol\u00edtica de privacidad"},"content":{"rendered":"<p>\u00daltima actualizaci\u00f3n 03-ago-2024<br>Fecha de entrada en vigor 03-ago-2024<\/p>\n\n\n\n<p>Esta Pol\u00edtica de Privacidad describe las pol\u00edticas de John Fraskos, Agios Nikolaos Kanalia, Islas J\u00f3nicas 49100, Grecia, email: hello@johnfraskos.com, tel\u00e9fono: +30 6948306051 sobre la recopilaci\u00f3n, uso y divulgaci\u00f3n de la informaci\u00f3n que obtenemos de los usuarios a trav\u00e9s de nuestra p\u00e1gina web ( https:\/\/johnfraskos.com ). (el \u201cServicio\u201d). Al acceder o utilizar el Servicio, usted consiente la recopilaci\u00f3n, uso y divulgaci\u00f3n de su informaci\u00f3n de conformidad con la presente Pol\u00edtica de Privacidad. Si no da su consentimiento, le rogamos que no acceda al Servicio ni lo utilice.<\/p>\n\n\n\n<p><br>Podemos modificar esta Pol\u00edtica de Privacidad en cualquier momento sin previo aviso y publicaremos la Pol\u00edtica de Privacidad revisada en el Servicio. La Pol\u00edtica revisada entrar\u00e1 en vigor a los 180 d\u00edas de su publicaci\u00f3n en el Servicio y su acceso o uso continuado del Servicio despu\u00e9s de dicho plazo constituir\u00e1 su aceptaci\u00f3n de la Pol\u00edtica de Privacidad revisada. Por lo tanto, le recomendamos que revise peri\u00f3dicamente esta p\u00e1gina.<\/p>\n\n\n\n<h3 class=\"wp-block-heading\">Informaci\u00f3n que recopilamos:<\/h3>\n\n\n\n<p>Recopilaremos y procesaremos la siguiente informaci\u00f3n personal sobre usted:<\/p>\n\n\n\n<ul class=\"wp-block-list\">\n<li>Nombre<\/li>\n\n\n\n<li>Correo electr\u00f3nico<\/li>\n<\/ul>\n\n\n\n<h3 class=\"wp-block-heading\">C\u00f3mo utilizamos su informaci\u00f3n:<\/h3>\n\n\n\n<p>Utilizaremos la informaci\u00f3n que recopilemos sobre usted para los siguientes fines:<\/p>\n\n\n\n<ul class=\"wp-block-list\">\n<li>Marketing\/Promoci\u00f3n<\/li>\n\n\n\n<li>Testimonios<\/li>\n\n\n\n<li>Informaci\u00f3n administrativa<\/li>\n\n\n\n<li>Protecci\u00f3n del emplazamiento<\/li>\n<\/ul>\n\n\n\n<p><br>Si queremos utilizar su informaci\u00f3n para cualquier otro fin, le pediremos su consentimiento y utilizaremos su informaci\u00f3n s\u00f3lo cuando recibamos su consentimiento y, en ese caso, s\u00f3lo para el fin o fines para los que otorgamos el consentimiento, a menos que la ley nos obligue a hacer otra cosa.<\/p>\n\n\n\n<h3 class=\"wp-block-heading\">C\u00f3mo compartimos su informaci\u00f3n<\/h3>\n\n\n\n<p>No transferiremos su informaci\u00f3n personal a ning\u00fan tercero sin solicitar su consentimiento, excepto en las circunstancias limitadas que se describen a continuaci\u00f3n:<\/p>\n\n\n\n<h3 class=\"wp-block-heading\">Anal\u00edtica<\/h3>\n\n\n\n<p>Exigimos a dichos terceros que utilicen la informaci\u00f3n personal que les transferimos \u00fanicamente para el fin para el que fue transferida y que no la conserven durante m\u00e1s tiempo del necesario para cumplir dicho fin.<\/p>\n\n\n\n<p><br>Tambi\u00e9n podemos revelar su informaci\u00f3n personal para lo siguiente: (1) para cumplir con la legislaci\u00f3n aplicable, reglamentos, \u00f3rdenes judiciales u otros procesos legales; (2) para hacer cumplir sus acuerdos con nosotros, incluyendo esta Pol\u00edtica de Privacidad; o (3) para responder a reclamaciones de que su uso del Servicio viola cualquier derecho de terceros. Si el Servicio o nuestra empresa se fusionan o adquieren con otra empresa, su informaci\u00f3n ser\u00e1 uno de los activos que se transfieran al nuevo propietario.<\/p>\n\n\n\n<h3 class=\"wp-block-heading\">Conservaci\u00f3n de sus datos<\/h3>\n\n\n\n<p>Conservaremos su informaci\u00f3n personal entre 90 d\u00edas y 2 a\u00f1os despu\u00e9s de que los usuarios cancelen sus cuentas o mientras la necesitemos para cumplir los fines para los que fue recopilada, tal y como se detalla en esta Pol\u00edtica de privacidad. Es posible que necesitemos retener cierta informaci\u00f3n durante per\u00edodos m\u00e1s largos, como el mantenimiento de registros \/ informes de conformidad con la legislaci\u00f3n aplicable o por otras razones leg\u00edtimas como el cumplimiento de los derechos legales, la prevenci\u00f3n del fraude, etc. La informaci\u00f3n an\u00f3nima residual y la informaci\u00f3n agregada, ninguna de las cuales le identifica (directa o indirectamente), pueden almacenarse indefinidamente.<\/p>\n\n\n\n<h3 class=\"wp-block-heading\">Sus derechos<\/h3>\n\n\n\n<p>En funci\u00f3n de la legislaci\u00f3n aplicable, usted puede tener derecho a acceder a sus datos personales y rectificarlos o borrarlos o recibir una copia de los mismos, limitar el tratamiento activo de sus datos u oponerse a \u00e9l, solicitarnos que compartamos (portemos) su informaci\u00f3n personal a otra entidad, retirar cualquier consentimiento que nos haya dado para el tratamiento de sus datos, derecho a presentar una reclamaci\u00f3n ante una autoridad legal y otros derechos que puedan corresponderle en virtud de la legislaci\u00f3n aplicable. Para ejercer estos derechos, puede escribirnos a hello@johnfraskos.com. Responderemos a su solicitud de conformidad con la legislaci\u00f3n aplicable.<br>Puede darse de baja de las comunicaciones de marketing directo o de la elaboraci\u00f3n de perfiles que llevamos a cabo con fines de marketing escribi\u00e9ndonos a hello@johnfraskos.com.<\/p>\n\n\n\n<p><br>Tenga en cuenta que si no nos permite recopilar o procesar la informaci\u00f3n personal requerida o retira el consentimiento para procesar la misma para los fines requeridos, es posible que no pueda acceder o utilizar los servicios para los que se solicit\u00f3 su informaci\u00f3n.<\/p>\n\n\n\n<h3 class=\"wp-block-heading\">Cookies Etc.<\/h3>\n\n\n\n<p>Para obtener m\u00e1s informaci\u00f3n sobre c\u00f3mo las utilizamos y sus opciones en relaci\u00f3n con estas tecnolog\u00edas de rastreo, consulte nuestro <a href=\"https:\/\/johnfraskos.com\/cookie-policy\/\">Pol\u00edtica de cookies<\/a>.<\/p>\n\n\n\n<h2 class=\"wp-block-heading\">Seguridad<\/h2>\n\n\n\n<p>La seguridad de su informaci\u00f3n es importante para nosotros y utilizaremos medidas de seguridad razonables para evitar la p\u00e9rdida, el uso indebido o la alteraci\u00f3n no autorizada de su informaci\u00f3n bajo nuestro control. Sin embargo, dados los riesgos inherentes, no podemos garantizar una seguridad absoluta y, en consecuencia, no podemos asegurar o garantizar la seguridad de cualquier informaci\u00f3n que nos transmita y usted lo hace bajo su propio riesgo.<\/p>\n\n\n\n<h3 class=\"wp-block-heading\">Enlaces de terceros y uso de su informaci\u00f3n<\/h3>\n\n\n\n<p>Nuestro Servicio puede contener enlaces a otros sitios web que no son operados por nosotros. Esta Pol\u00edtica de Privacidad no se refiere a la pol\u00edtica de privacidad y otras pr\u00e1cticas de terceros, incluyendo cualquier tercero que opere cualquier sitio web o servicio que pueda ser accesible a trav\u00e9s de un enlace en el Servicio. Le recomendamos encarecidamente que revise la pol\u00edtica de privacidad de cada sitio que visite. No tenemos ning\u00fan control ni asumimos ninguna responsabilidad por el contenido, las pol\u00edticas de privacidad o las pr\u00e1cticas de los sitios o servicios de terceros.<\/p>\n\n\n\n<h3 class=\"wp-block-heading\">Responsable de quejas y protecci\u00f3n de datos:<\/h3>\n\n\n\n<p>Si tiene alguna pregunta o duda sobre el tratamiento de la informaci\u00f3n de que disponemos sobre usted, puede enviar un correo electr\u00f3nico a nuestro responsable de quejas, John Fraskos, Agios Nikolaos Kanalia, correo electr\u00f3nico: hello@johnfraskos.com. Atenderemos sus inquietudes de conformidad con la legislaci\u00f3n aplicable.<\/p>","protected":false},"excerpt":{"rendered":"<p>Last Updated On 03-Aug-2024Effective Date 03-Aug-2024 This Privacy Policy describes the policies of John Fraskos, Agios Nikolaos Kanalia, Ionian Islands 49100, Greece, email: hello@johnfraskos.com, phone: +30 6948306051 on the collection, use and disclosure of your information that we collect when you use our website ( https:\/\/johnfraskos.com ). (the \u201cService\u201d). By accessing or using the Service, [&hellip;]<\/p>\n","protected":false},"author":1,"featured_media":0,"parent":0,"menu_order":0,"comment_status":"closed","ping_status":"open","template":"","meta":{"footnotes":""},"class_list":["post-3","page","type-page","status-publish","hentry"],"yoast_head":"<!-- This site is optimized with the Yoast SEO plugin v26.8 - https:\/\/yoast.com\/product\/yoast-seo-wordpress\/ -->\n<title>Privacy Policy - Architect studio<\/title>\n<meta name=\"robots\" content=\"noindex, follow, max-snippet:-1, max-image-preview:large, max-video-preview:-1\" \/>\n<meta property=\"og:locale\" content=\"es_ES\" \/>\n<meta property=\"og:type\" content=\"article\" \/>\n<meta property=\"og:title\" content=\"Privacy Policy - Architect studio\" \/>\n<meta property=\"og:description\" content=\"Last Updated On 03-Aug-2024Effective Date 03-Aug-2024 This Privacy Policy describes the policies of John Fraskos, Agios Nikolaos Kanalia, Ionian Islands 49100, Greece, email: hello@johnfraskos.com, phone: +30 6948306051 on the collection, use and disclosure of your information that we collect when you use our website ( https:\/\/johnfraskos.com ). (the \u201cService\u201d). By accessing or using the Service, [&hellip;]\" \/>\n<meta property=\"og:url\" content=\"https:\/\/flavia.supserv.cozmoslabs.com\/es\/privacy-policy\/\" \/>\n<meta property=\"og:site_name\" content=\"Architect studio\" \/>\n<meta property=\"article:modified_time\" content=\"2024-08-03T12:15:08+00:00\" \/>\n<meta name=\"twitter:card\" content=\"summary_large_image\" \/>\n<meta name=\"twitter:label1\" content=\"Tiempo de lectura\" \/>\n\t<meta name=\"twitter:data1\" content=\"4 minutos\" \/>\n<script type=\"application\/ld+json\" class=\"yoast-schema-graph\">{\"@context\":\"https:\/\/schema.org\",\"@graph\":[{\"@type\":\"WebPage\",\"@id\":\"https:\/\/flavia.supserv.cozmoslabs.com\/privacy-policy\/\",\"url\":\"https:\/\/flavia.supserv.cozmoslabs.com\/privacy-policy\/\",\"name\":\"Privacy Policy - Architect studio\",\"isPartOf\":{\"@id\":\"https:\/\/flavia.supserv.cozmoslabs.com\/es\/#website\"},\"datePublished\":\"2024-01-28T11:45:32+00:00\",\"dateModified\":\"2024-08-03T12:15:08+00:00\",\"breadcrumb\":{\"@id\":\"https:\/\/flavia.supserv.cozmoslabs.com\/privacy-policy\/#breadcrumb\"},\"inLanguage\":\"es\",\"potentialAction\":[{\"@type\":\"ReadAction\",\"target\":[\"https:\/\/flavia.supserv.cozmoslabs.com\/privacy-policy\/\"]}]},{\"@type\":\"BreadcrumbList\",\"@id\":\"https:\/\/flavia.supserv.cozmoslabs.com\/privacy-policy\/#breadcrumb\",\"itemListElement\":[{\"@type\":\"ListItem\",\"position\":1,\"name\":\"Home\",\"item\":\"https:\/\/flavia.supserv.cozmoslabs.com\/es\/\"},{\"@type\":\"ListItem\",\"position\":2,\"name\":\"Privacy Policy\"}]},{\"@type\":\"WebSite\",\"@id\":\"https:\/\/flavia.supserv.cozmoslabs.com\/es\/#website\",\"url\":\"https:\/\/flavia.supserv.cozmoslabs.com\/es\/\",\"name\":\"Architect studio\",\"description\":\"\",\"potentialAction\":[{\"@type\":\"SearchAction\",\"target\":{\"@type\":\"EntryPoint\",\"urlTemplate\":\"https:\/\/flavia.supserv.cozmoslabs.com\/es\/?s={search_term_string}\"},\"query-input\":{\"@type\":\"PropertyValueSpecification\",\"valueRequired\":true,\"valueName\":\"search_term_string\"}}],\"inLanguage\":\"es\"}]}<\/script>\n<!-- \/ Yoast SEO plugin. -->","yoast_head_json":{"title":"Pol\u00edtica de privacidad - Architect studio","robots":{"index":"noindex","follow":"follow","max-snippet":"max-snippet:-1","max-image-preview":"max-image-preview:large","max-video-preview":"max-video-preview:-1"},"og_locale":"es_ES","og_type":"article","og_title":"Privacy Policy - Architect studio","og_description":"Last Updated On 03-Aug-2024Effective Date 03-Aug-2024 This Privacy Policy describes the policies of John Fraskos, Agios Nikolaos Kanalia, Ionian Islands 49100, Greece, email: hello@johnfraskos.com, phone: +30 6948306051 on the collection, use and disclosure of your information that we collect when you use our website ( https:\/\/johnfraskos.com ). (the \u201cService\u201d). By accessing or using the Service, [&hellip;]","og_url":"https:\/\/flavia.supserv.cozmoslabs.com\/es\/privacy-policy\/","og_site_name":"Architect studio","article_modified_time":"2024-08-03T12:15:08+00:00","twitter_card":"summary_large_image","twitter_misc":{"Tiempo de lectura":"4 minutos"},"schema":{"@context":"https:\/\/schema.org","@graph":[{"@type":"WebPage","@id":"https:\/\/flavia.supserv.cozmoslabs.com\/privacy-policy\/","url":"https:\/\/flavia.supserv.cozmoslabs.com\/privacy-policy\/","name":"Pol\u00edtica de privacidad - Architect studio","isPartOf":{"@id":"https:\/\/flavia.supserv.cozmoslabs.com\/es\/#website"},"datePublished":"2024-01-28T11:45:32+00:00","dateModified":"2024-08-03T12:15:08+00:00","breadcrumb":{"@id":"https:\/\/flavia.supserv.cozmoslabs.com\/privacy-policy\/#breadcrumb"},"inLanguage":"es","potentialAction":[{"@type":"ReadAction","target":["https:\/\/flavia.supserv.cozmoslabs.com\/privacy-policy\/"]}]},{"@type":"BreadcrumbList","@id":"https:\/\/flavia.supserv.cozmoslabs.com\/privacy-policy\/#breadcrumb","itemListElement":[{"@type":"ListItem","position":1,"name":"Home","item":"https:\/\/flavia.supserv.cozmoslabs.com\/es\/"},{"@type":"ListItem","position":2,"name":"Privacy Policy"}]},{"@type":"WebSite","@id":"https:\/\/flavia.supserv.cozmoslabs.com\/es\/#website","url":"https:\/\/flavia.supserv.cozmoslabs.com\/es\/","name":"Estudio de arquitectura","description":"","potentialAction":[{"@type":"SearchAction","target":{"@type":"EntryPoint","urlTemplate":"https:\/\/flavia.supserv.cozmoslabs.com\/es\/?s={search_term_string}"},"query-input":{"@type":"PropertyValueSpecification","valueRequired":true,"valueName":"search_term_string"}}],"inLanguage":"es"}]}},"_links":{"self":[{"href":"https:\/\/flavia.supserv.cozmoslabs.com\/es\/wp-json\/wp\/v2\/pages\/3","targetHints":{"allow":["GET"]}}],"collection":[{"href":"https:\/\/flavia.supserv.cozmoslabs.com\/es\/wp-json\/wp\/v2\/pages"}],"about":[{"href":"https:\/\/flavia.supserv.cozmoslabs.com\/es\/wp-json\/wp\/v2\/types\/page"}],"author":[{"embeddable":true,"href":"https:\/\/flavia.supserv.cozmoslabs.com\/es\/wp-json\/wp\/v2\/users\/1"}],"replies":[{"embeddable":true,"href":"https:\/\/flavia.supserv.cozmoslabs.com\/es\/wp-json\/wp\/v2\/comments?post=3"}],"version-history":[{"count":0,"href":"https:\/\/flavia.supserv.cozmoslabs.com\/es\/wp-json\/wp\/v2\/pages\/3\/revisions"}],"wp:attachment":[{"href":"https:\/\/flavia.supserv.cozmoslabs.com\/es\/wp-json\/wp\/v2\/media?parent=3"}],"curies":[{"name":"wp","href":"https:\/\/api.w.org\/{rel}","templated":true}]}}