{"id":55,"date":"2024-03-10T14:07:02","date_gmt":"2024-03-10T14:07:02","guid":{"rendered":"https:\/\/phenomenal-kinkajou-63d47d.instawp.xyz\/?page_id=55"},"modified":"2024-08-03T12:15:42","modified_gmt":"2024-08-03T12:15:42","slug":"cookie-policy","status":"publish","type":"page","link":"https:\/\/flavia.supserv.cozmoslabs.com\/es\/cookie-policy\/","title":{"rendered":"Pol\u00edtica de cookies"},"content":{"rendered":"<p>Fecha de entrada en vigor: 3 de agosto de 2024<br>\u00daltima actualizaci\u00f3n: 3 de agosto de 2024<\/p>\n\n\n\n<h3 class=\"wp-block-heading\">\u00bfQu\u00e9 son las cookies?<\/h3>\n\n\n\n<p>Esta Pol\u00edtica de Cookies explica qu\u00e9 son las cookies y c\u00f3mo las utilizamos, los tipos de cookies que utilizamos, es decir, la informaci\u00f3n que recopilamos mediante las cookies y c\u00f3mo se utiliza esa informaci\u00f3n, y c\u00f3mo gestionar la configuraci\u00f3n de las cookies.<\/p>\n\n\n\n<p>Las cookies son peque\u00f1os archivos de texto que se utilizan para almacenar peque\u00f1as piezas de informaci\u00f3n. Se almacenan en su dispositivo cuando el sitio web se carga en su navegador. Estas cookies nos ayudan a que el sitio web funcione correctamente, a que sea m\u00e1s seguro, a ofrecer una mejor experiencia de usuario y a comprender c\u00f3mo funciona el sitio web y analizar qu\u00e9 funciona y qu\u00e9 aspectos deben mejorarse.<\/p>\n\n\n\n<h3 class=\"wp-block-heading\">\u00bfC\u00f3mo utilizamos las cookies?<\/h3>\n\n\n\n<p>Como la mayor\u00eda de los servicios en l\u00ednea, nuestro sitio web utiliza cookies propias y de terceros para diversos fines. Las cookies de origen son en su mayor\u00eda necesarias para que el sitio web funcione correctamente y no recopilan ning\u00fan dato personal identificable.<\/p>\n\n\n\n<p>Las cookies de terceros utilizadas en nuestro sitio web sirven principalmente para comprender c\u00f3mo funciona el sitio web, c\u00f3mo interact\u00faa usted con nuestro sitio web, mantener la seguridad de nuestros servicios, proporcionar anuncios que sean relevantes para usted y, en definitiva, proporcionarle una experiencia de usuario mejorada y ayudar a agilizar sus futuras interacciones con nuestro sitio web.<\/p>\n\n\n\n<h2 class=\"wp-block-heading\">Tipos de cookies que utilizamos<\/h2>\n\n\n<div class=\"cky-audit-table-element\">\u00a0<\/div>\n\n\n<h3 class=\"wp-block-heading\">Gestionar las preferencias de cookies<\/h3>\n\n\n\n<p><\/p>\n\n\n\n<p class=\"has-text-align-left btn--primary\"><a class=\"cky-banner-element\">Configuraci\u00f3n de cookies<\/a><\/p>\n\n\n\n<p><\/p>\n\n\n\n<p>Puede cambiar sus preferencias de cookies en cualquier momento haciendo clic en el bot\u00f3n anterior. Esto le permitir\u00e1 volver a visitar el banner de consentimiento de cookies y cambiar sus preferencias o retirar su consentimiento de inmediato.<\/p>\n\n\n\n<p>Adem\u00e1s, los distintos navegadores ofrecen diferentes m\u00e9todos para bloquear y eliminar las cookies utilizadas por los sitios web. Puede cambiar la configuraci\u00f3n de su navegador para bloquear\/eliminar las cookies. A continuaci\u00f3n encontrar\u00e1 los enlaces a los documentos de ayuda sobre c\u00f3mo gestionar y eliminar las cookies de los principales navegadores web.<\/p>\n\n\n\n<ul class=\"wp-block-list\">\n<li><a href=\"https:\/\/support.google.com\/accounts\/answer\/32050\">Cromo<\/a><\/li>\n\n\n\n<li><a href=\"https:\/\/support.apple.com\/en-in\/guide\/safari\/sfri11471\/mac\">Safari<\/a><\/li>\n\n\n\n<li><a href=\"https:\/\/support.mozilla.org\/en-US\/kb\/clear-cookies-and-site-data-firefox?redirectslug=delete-cookies-remove-info-websites-stored&amp;redirectlocale=en-US\">Firefox<\/a><\/li>\n\n\n\n<li><a href=\"https:\/\/support.microsoft.com\/en-us\/topic\/how-to-delete-cookie-files-in-internet-explorer-bca9446f-d873-78de-77ba-d42645fa52fc\">Internet Explorer<\/a><\/li>\n<\/ul>\n\n\n\n<p><\/p>\n\n\n\n<p>Si utiliza cualquier otro navegador, consulte la documentaci\u00f3n oficial de su navegador.<\/p>\n\n\n\n<p><\/p>","protected":false},"excerpt":{"rendered":"<p>Effective Date: August 3, 2024Last Updated: August 3, 2024 What are cookies? This Cookie Policy explains what cookies are and how we use them, the types of cookies we use i.e, the information we collect using cookies and how that information is used, and how to manage the cookie settings. Cookies are small text files [&hellip;]<\/p>\n","protected":false},"author":3,"featured_media":0,"parent":0,"menu_order":0,"comment_status":"closed","ping_status":"closed","template":"","meta":{"footnotes":""},"class_list":["post-55","page","type-page","status-publish","hentry"],"yoast_head":"<!-- This site is optimized with the Yoast SEO plugin v26.8 - https:\/\/yoast.com\/product\/yoast-seo-wordpress\/ -->\n<title>Cookie Policy - Architect studio<\/title>\n<meta name=\"robots\" content=\"noindex, follow, max-snippet:-1, max-image-preview:large, max-video-preview:-1\" \/>\n<meta property=\"og:locale\" content=\"es_ES\" \/>\n<meta property=\"og:type\" content=\"article\" \/>\n<meta property=\"og:title\" content=\"Cookie Policy - Architect studio\" \/>\n<meta property=\"og:description\" content=\"Effective Date: August 3, 2024Last Updated: August 3, 2024 What are cookies? This Cookie Policy explains what cookies are and how we use them, the types of cookies we use i.e, the information we collect using cookies and how that information is used, and how to manage the cookie settings. Cookies are small text files [&hellip;]\" \/>\n<meta property=\"og:url\" content=\"https:\/\/flavia.supserv.cozmoslabs.com\/es\/cookie-policy\/\" \/>\n<meta property=\"og:site_name\" content=\"Architect studio\" \/>\n<meta property=\"article:modified_time\" content=\"2024-08-03T12:15:42+00:00\" \/>\n<meta name=\"twitter:card\" content=\"summary_large_image\" \/>\n<meta name=\"twitter:label1\" content=\"Tiempo de lectura\" \/>\n\t<meta name=\"twitter:data1\" content=\"2 minutos\" \/>\n<script type=\"application\/ld+json\" class=\"yoast-schema-graph\">{\"@context\":\"https:\/\/schema.org\",\"@graph\":[{\"@type\":\"WebPage\",\"@id\":\"https:\/\/flavia.supserv.cozmoslabs.com\/es\/cookie-policy\/\",\"url\":\"https:\/\/flavia.supserv.cozmoslabs.com\/es\/cookie-policy\/\",\"name\":\"Cookie Policy - Architect studio\",\"isPartOf\":{\"@id\":\"https:\/\/flavia.supserv.cozmoslabs.com\/es\/#website\"},\"datePublished\":\"2024-03-10T14:07:02+00:00\",\"dateModified\":\"2024-08-03T12:15:42+00:00\",\"breadcrumb\":{\"@id\":\"https:\/\/flavia.supserv.cozmoslabs.com\/es\/cookie-policy\/#breadcrumb\"},\"inLanguage\":\"es\",\"potentialAction\":[{\"@type\":\"ReadAction\",\"target\":[\"https:\/\/flavia.supserv.cozmoslabs.com\/es\/cookie-policy\/\"]}]},{\"@type\":\"BreadcrumbList\",\"@id\":\"https:\/\/flavia.supserv.cozmoslabs.com\/es\/cookie-policy\/#breadcrumb\",\"itemListElement\":[{\"@type\":\"ListItem\",\"position\":1,\"name\":\"Home\",\"item\":\"https:\/\/flavia.supserv.cozmoslabs.com\/es\/\"},{\"@type\":\"ListItem\",\"position\":2,\"name\":\"Cookie Policy\"}]},{\"@type\":\"WebSite\",\"@id\":\"https:\/\/flavia.supserv.cozmoslabs.com\/es\/#website\",\"url\":\"https:\/\/flavia.supserv.cozmoslabs.com\/es\/\",\"name\":\"Architect studio\",\"description\":\"\",\"potentialAction\":[{\"@type\":\"SearchAction\",\"target\":{\"@type\":\"EntryPoint\",\"urlTemplate\":\"https:\/\/flavia.supserv.cozmoslabs.com\/es\/?s={search_term_string}\"},\"query-input\":{\"@type\":\"PropertyValueSpecification\",\"valueRequired\":true,\"valueName\":\"search_term_string\"}}],\"inLanguage\":\"es\"}]}<\/script>\n<!-- \/ Yoast SEO plugin. -->","yoast_head_json":{"title":"Pol\u00edtica de cookies - Architect studio","robots":{"index":"noindex","follow":"follow","max-snippet":"max-snippet:-1","max-image-preview":"max-image-preview:large","max-video-preview":"max-video-preview:-1"},"og_locale":"es_ES","og_type":"article","og_title":"Cookie Policy - Architect studio","og_description":"Effective Date: August 3, 2024Last Updated: August 3, 2024 What are cookies? This Cookie Policy explains what cookies are and how we use them, the types of cookies we use i.e, the information we collect using cookies and how that information is used, and how to manage the cookie settings. Cookies are small text files [&hellip;]","og_url":"https:\/\/flavia.supserv.cozmoslabs.com\/es\/cookie-policy\/","og_site_name":"Architect studio","article_modified_time":"2024-08-03T12:15:42+00:00","twitter_card":"summary_large_image","twitter_misc":{"Tiempo de lectura":"2 minutos"},"schema":{"@context":"https:\/\/schema.org","@graph":[{"@type":"WebPage","@id":"https:\/\/flavia.supserv.cozmoslabs.com\/es\/cookie-policy\/","url":"https:\/\/flavia.supserv.cozmoslabs.com\/es\/cookie-policy\/","name":"Pol\u00edtica de cookies - Architect studio","isPartOf":{"@id":"https:\/\/flavia.supserv.cozmoslabs.com\/es\/#website"},"datePublished":"2024-03-10T14:07:02+00:00","dateModified":"2024-08-03T12:15:42+00:00","breadcrumb":{"@id":"https:\/\/flavia.supserv.cozmoslabs.com\/es\/cookie-policy\/#breadcrumb"},"inLanguage":"es","potentialAction":[{"@type":"ReadAction","target":["https:\/\/flavia.supserv.cozmoslabs.com\/es\/cookie-policy\/"]}]},{"@type":"BreadcrumbList","@id":"https:\/\/flavia.supserv.cozmoslabs.com\/es\/cookie-policy\/#breadcrumb","itemListElement":[{"@type":"ListItem","position":1,"name":"Home","item":"https:\/\/flavia.supserv.cozmoslabs.com\/es\/"},{"@type":"ListItem","position":2,"name":"Cookie Policy"}]},{"@type":"WebSite","@id":"https:\/\/flavia.supserv.cozmoslabs.com\/es\/#website","url":"https:\/\/flavia.supserv.cozmoslabs.com\/es\/","name":"Estudio de arquitectura","description":"","potentialAction":[{"@type":"SearchAction","target":{"@type":"EntryPoint","urlTemplate":"https:\/\/flavia.supserv.cozmoslabs.com\/es\/?s={search_term_string}"},"query-input":{"@type":"PropertyValueSpecification","valueRequired":true,"valueName":"search_term_string"}}],"inLanguage":"es"}]}},"_links":{"self":[{"href":"https:\/\/flavia.supserv.cozmoslabs.com\/es\/wp-json\/wp\/v2\/pages\/55","targetHints":{"allow":["GET"]}}],"collection":[{"href":"https:\/\/flavia.supserv.cozmoslabs.com\/es\/wp-json\/wp\/v2\/pages"}],"about":[{"href":"https:\/\/flavia.supserv.cozmoslabs.com\/es\/wp-json\/wp\/v2\/types\/page"}],"author":[{"embeddable":true,"href":"https:\/\/flavia.supserv.cozmoslabs.com\/es\/wp-json\/wp\/v2\/users\/3"}],"replies":[{"embeddable":true,"href":"https:\/\/flavia.supserv.cozmoslabs.com\/es\/wp-json\/wp\/v2\/comments?post=55"}],"version-history":[{"count":0,"href":"https:\/\/flavia.supserv.cozmoslabs.com\/es\/wp-json\/wp\/v2\/pages\/55\/revisions"}],"wp:attachment":[{"href":"https:\/\/flavia.supserv.cozmoslabs.com\/es\/wp-json\/wp\/v2\/media?parent=55"}],"curies":[{"name":"wp","href":"https:\/\/api.w.org\/{rel}","templated":true}]}}